{"id":873,"date":"2024-07-13T17:01:07","date_gmt":"2024-07-13T14:01:07","guid":{"rendered":"https:\/?page_id=873"},"modified":"2024-11-26T18:17:24","modified_gmt":"2024-11-26T15:17:24","slug":"projelerimiz","status":"publish","type":"page","link":"https:\/\/somtech.ru\/en\/projelerimiz\/","title":{"rendered":"OUR PROJECTS"},"content":{"rendered":"<div class=\"wpb-content-wrapper\"><p>[vc_row][vc_column][vc_column_text]<\/p>\n<h1 style=\"text-align: center;\"><strong>UPDATING<\/strong><\/h1>\n<p>[\/vc_column_text][\/vc_column][\/vc_row][vc_row disable_element=&#8221;yes&#8221;][vc_column][vc_column_text]<\/p>\n<h1 style=\"text-align: center;\">Our Completed Projects<\/h1>\n<p>[\/vc_column_text][vc_empty_space height=&#8221;85px&#8221;][\/vc_column][\/vc_row][vc_row disable_element=&#8221;yes&#8221;][vc_column][vc_column_text]<b>Project name : TAIF-NK HRCC TATARISTAN-RUSYA<\/b>[\/vc_column_text][vc_single_image image=&#8221;874&#8243; img_size=&#8221;full&#8221; alignment=&#8221;center&#8221;][vc_empty_space height=&#8221;65px&#8221;][\/vc_column][\/vc_row][vc_row disable_element=&#8221;yes&#8221;][vc_column][vc_column_text]<b>Project name : SOCAR STAR REFINERY AL\u0130A\u011eA-\u0130ZM\u0130R<\/b>[\/vc_column_text][vc_single_image image=&#8221;877&#8243; img_size=&#8221;full&#8221; alignment=&#8221;center&#8221;][vc_empty_space height=&#8221;65px&#8221;][\/vc_column][\/vc_row][vc_row disable_element=&#8221;yes&#8221;][vc_column][vc_column_text]<b>Project name: BASF NEW ACETYLENE PLANT ALMANYA<\/b>[\/vc_column_text][vc_single_image image=&#8221;878&#8243; img_size=&#8221;full&#8221; alignment=&#8221;center&#8221;][vc_empty_space height=&#8221;65px&#8221;][\/vc_column][\/vc_row][vc_row disable_element=&#8221;yes&#8221;][vc_column][vc_column_text]<b>Project name : NKNH NEW EP-600 ETHYLENE COMPLEX TATAR\u0130STAN-RUSYA<\/b>[\/vc_column_text][vc_single_image image=&#8221;879&#8243; img_size=&#8221;full&#8221; alignment=&#8221;center&#8221;][vc_empty_space height=&#8221;65px&#8221;][\/vc_column][\/vc_row]<\/p>\n<\/div>","protected":false},"excerpt":{"rendered":"<p>[vc_row][vc_column][vc_column_text] UPDATING [\/vc_column_text][\/vc_column][\/vc_row][vc_row disable_element=&#8221;yes&#8221;][vc_column][vc_column_text] Our Completed Projects [\/vc_column_text][vc_empty_space height=&#8221;85px&#8221;][\/vc_column][\/vc_row][vc_row disable_element=&#8221;yes&#8221;][vc_column][vc_column_text]Project name : TAIF-NK HRCC TATARISTAN-RUSYA[\/vc_column_text][vc_single_image image=&#8221;874&#8243; img_size=&#8221;full&#8221; alignment=&#8221;center&#8221;][vc_empty_space height=&#8221;65px&#8221;][\/vc_column][\/vc_row][vc_row disable_element=&#8221;yes&#8221;][vc_column][vc_column_text]Project name : SOCAR STAR REFINERY AL\u0130A\u011eA-\u0130ZM\u0130R[\/vc_column_text][vc_single_image image=&#8221;877&#8243; img_size=&#8221;full&#8221; alignment=&#8221;center&#8221;][vc_empty_space height=&#8221;65px&#8221;][\/vc_column][\/vc_row][vc_row disable_element=&#8221;yes&#8221;][vc_column][vc_column_text]Project name: BASF NEW ACETYLENE PLANT ALMANYA[\/vc_column_text][vc_single_image image=&#8221;878&#8243; img_size=&#8221;full&#8221; alignment=&#8221;center&#8221;][vc_empty_space&#8230;<\/p>\n","protected":false},"author":1,"featured_media":0,"parent":0,"menu_order":0,"comment_status":"closed","ping_status":"closed","template":"","meta":{"footnotes":""},"class_list":["post-873","page","type-page","status-publish","hentry"],"_links":{"self":[{"href":"https:\/\/somtech.ru\/en\/wp-json\/wp\/v2\/pages\/873","targetHints":{"allow":["GET"]}}],"collection":[{"href":"https:\/\/somtech.ru\/en\/wp-json\/wp\/v2\/pages"}],"about":[{"href":"https:\/\/somtech.ru\/en\/wp-json\/wp\/v2\/types\/page"}],"author":[{"embeddable":true,"href":"https:\/\/somtech.ru\/en\/wp-json\/wp\/v2\/users\/1"}],"replies":[{"embeddable":true,"href":"https:\/\/somtech.ru\/en\/wp-json\/wp\/v2\/comments?post=873"}],"version-history":[{"count":8,"href":"https:\/\/somtech.ru\/en\/wp-json\/wp\/v2\/pages\/873\/revisions"}],"predecessor-version":[{"id":1049,"href":"https:\/\/somtech.ru\/en\/wp-json\/wp\/v2\/pages\/873\/revisions\/1049"}],"wp:attachment":[{"href":"https:\/\/somtech.ru\/en\/wp-json\/wp\/v2\/media?parent=873"}],"curies":[{"name":"wp","href":"https:\/\/api.w.org\/{rel}","templated":true}]}}