{"id":824,"date":"2024-07-13T12:20:18","date_gmt":"2024-07-13T09:20:18","guid":{"rendered":"https:\/?page_id=824"},"modified":"2025-03-06T15:43:57","modified_gmt":"2025-03-06T12:43:57","slug":"iletisim","status":"publish","type":"page","link":"https:\/\/somtech.ru\/ru\/iletisim\/","title":{"rendered":"\u041a\u041e\u041c\u041c\u0423\u041d\u0418\u041a\u0410\u0426\u0418\u042f"},"content":{"rendered":"<div class=\"wpb-content-wrapper\"><p>[vc_row css=&#187;.vc_custom_1561411833155{margin-top: 40px !important;padding-bottom: 20px !important;}&#187;][vc_column width=&#187;1\/2&#8243;]<h4 class='heading-content  style-1' ><span>\u0422\u0443\u0440\u0446\u0438\u044f<\/span><\/h4>[vc_empty_space height=&#187;15px&#187;][vc_column_text css_animation=&#187;fadeInLeft&#187;]<strong>SOMTECH END\u00dcSTR\u0130YEL TES\u0130S \u0130MALAT MONTAJ\u00a0 SAN. VE T\u0130C. LTD. \u015eT\u0130.<\/strong><\/p>\n<p><strong>\u0410\u0434\u0440\u0435\u0441:<\/strong> Ac\u0131dere OSB Abdullah G\u00fcl Bulvar\u0131 No:25 Sar\u0131\u00e7am\/Adana<\/p>\n<p><strong>\u0422\u0435\u043b\u0435\u0444\u043e\u043d :<\/strong>+90 (533) 556 02 58<\/p>\n<p><strong>\u0422\u0435\u043b\u0435\u0444\u043e\u043d :<\/strong>+90 (541) 453 17 43<\/p>\n<p>www.somtech.com.tr<\/p>\n<p>info@somtech.com.tr[\/vc_column_text][\/vc_column][vc_column width=&#187;1\/2&#8243;][vc_column_text]<iframe loading=\"lazy\" style=\"border: 0;\" src=\"https:\/\/www.google.com\/maps\/embed?pb=!1m18!1m12!1m3!1d3187.088412788047!2d35.634700775311806!3d36.9838227573281!2m3!1f0!2f0!3f0!3m2!1i1024!2i768!4f13.1!3m3!1m2!1s0x1528bedbfddb37ef%3A0xa47a20f118e1238f!2zw5xubMO8Y2UsIEFiZHVsbGFoIEfDvGwgQmx2IE5vOjI1LCAwMTc5MCBTYXLEscOnYW0vQWRhbmE!5e0!3m2!1str!2str!4v1720874111371!5m2!1str!2str\" width=\"600\" height=\"450\" allowfullscreen=\"allowfullscreen\"><\/iframe>[\/vc_column_text][\/vc_column][\/vc_row][vc_row css=&#187;.vc_custom_1561411833155{margin-top: 40px !important;padding-bottom: 20px !important;}&#187;][vc_column width=&#187;1\/2&#8243;]<h4 class='heading-content  style-1' ><span>RUSYA OF\u0130S<\/span><\/h4>[vc_empty_space height=&#187;15px&#187;][vc_column_text css_animation=&#187;fadeInLeft&#187;]<strong>LLC SOMTECH RU<\/strong><\/p>\n<p><strong>\u0410\u0434\u0440\u0435\u0441: <\/strong>Nijnekamsk, Ahtubinskaya 4E, Ofis No:5 Tataristan\/RUSYA<\/p>\n<p><strong>\u0422\u0435\u043b\u0435\u0444\u043e\u043d :<\/strong> +7 (917) 271 33 00<\/p>\n<p>www.somtech.ru<\/p>\n<p>info@somtech.ru[\/vc_column_text][\/vc_column][vc_column width=&#187;1\/2&#8243;][vc_column_text]<iframe loading=\"lazy\" style=\"border: 0;\" src=\"https:\/\/www.google.com\/maps\/embed?pb=!1m18!1m12!1m3!1d2252.9394412962533!2d51.81999678944952!3d55.62046943265914!2m3!1f0!2f0!3f0!3m2!1i1024!2i768!4f13.1!3m3!1m2!1s0x415f94966825abe9%3A0x2d7dc4d1b861843f!2sAkhtubinskaya%20Ulitsa%2C%204%D0%B5%2C%20Nizhnekamsk%2C%20Respublika%20Tatarstan%2C%20Rusya%2C%20423575!5e0!3m2!1str!2str!4v1722370765546!5m2!1str!2str\" width=\"600\" height=\"450\" allowfullscreen=\"allowfullscreen\"><\/iframe>[\/vc_column_text][\/vc_column][\/vc_row]<\/p>\n<\/div>","protected":false},"excerpt":{"rendered":"<p>[vc_row css=&#187;.vc_custom_1561411833155{margin-top: 40px !important;padding-bottom: 20px !important;}&#187;][vc_column width=&#187;1\/2&#8243;][vc_empty_space height=&#187;15px&#187;][vc_column_text css_animation=&#187;fadeInLeft&#187;]SOMTECH END\u00dcSTR\u0130YEL TES\u0130S \u0130MALAT MONTAJ\u00a0 SAN. VE T\u0130C. LTD. \u015eT\u0130. \u0410\u0434\u0440\u0435\u0441: Ac\u0131dere OSB Abdullah G\u00fcl Bulvar\u0131 No:25 Sar\u0131\u00e7am\/Adana \u0422\u0435\u043b\u0435\u0444\u043e\u043d :+90 (533) 556 02 58 \u0422\u0435\u043b\u0435\u0444\u043e\u043d :+90 (541) 453 17 43 www.somtech.com.tr info@somtech.com.tr[\/vc_column_text][\/vc_column][vc_column&#8230;<\/p>\n","protected":false},"author":1,"featured_media":0,"parent":0,"menu_order":0,"comment_status":"closed","ping_status":"closed","template":"","meta":{"footnotes":""},"class_list":["post-824","page","type-page","status-publish","hentry"],"_links":{"self":[{"href":"https:\/\/somtech.ru\/ru\/wp-json\/wp\/v2\/pages\/824","targetHints":{"allow":["GET"]}}],"collection":[{"href":"https:\/\/somtech.ru\/ru\/wp-json\/wp\/v2\/pages"}],"about":[{"href":"https:\/\/somtech.ru\/ru\/wp-json\/wp\/v2\/types\/page"}],"author":[{"embeddable":true,"href":"https:\/\/somtech.ru\/ru\/wp-json\/wp\/v2\/users\/1"}],"replies":[{"embeddable":true,"href":"https:\/\/somtech.ru\/ru\/wp-json\/wp\/v2\/comments?post=824"}],"version-history":[{"count":15,"href":"https:\/\/somtech.ru\/ru\/wp-json\/wp\/v2\/pages\/824\/revisions"}],"predecessor-version":[{"id":1101,"href":"https:\/\/somtech.ru\/ru\/wp-json\/wp\/v2\/pages\/824\/revisions\/1101"}],"wp:attachment":[{"href":"https:\/\/somtech.ru\/ru\/wp-json\/wp\/v2\/media?parent=824"}],"curies":[{"name":"wp","href":"https:\/\/api.w.org\/{rel}","templated":true}]}}