{"id":873,"date":"2024-07-13T17:01:07","date_gmt":"2024-07-13T14:01:07","guid":{"rendered":"https:\/?page_id=873"},"modified":"2024-11-26T18:17:24","modified_gmt":"2024-11-26T15:17:24","slug":"projelerimiz","status":"publish","type":"page","link":"https:\/\/somtech.ru\/ru\/projelerimiz\/","title":{"rendered":"\u041d\u0410\u0428\u0418 \u041f\u0420\u041e\u0415\u041a\u0422\u042b"},"content":{"rendered":"<div class=\"wpb-content-wrapper\"><p>[vc_row][vc_column][vc_column_text]<\/p>\n<h1 style=\"text-align: center;\"><strong>\u041e\u0411\u041d\u041e\u0412\u041b\u0415\u041d\u0418\u0415<\/strong><\/h1>\n<p>[\/vc_column_text][\/vc_column][\/vc_row][vc_row disable_element=&#187;yes&#187;][vc_column][vc_column_text]<\/p>\n<h1 style=\"text-align: center;\">\u041d\u0430\u0448\u0438 \u0437\u0430\u0432\u0435\u0440\u0448\u0435\u043d\u043d\u044b\u0435 \u043f\u0440\u043e\u0435\u043a\u0442\u044b<\/h1>\n<p>[\/vc_column_text][vc_empty_space height=&#187;85px&#187;][\/vc_column][\/vc_row][vc_row disable_element=&#187;yes&#187;][vc_column][vc_column_text]<b>\u041d\u0430\u0437\u0432\u0430\u043d\u0438\u0435 \u043f\u0440\u043e\u0435\u043a\u0442\u0430 : TAIF-NK HRCC TATARISTAN-RUSYA<\/b>[\/vc_column_text][vc_single_image image=&#187;874&#8243; img_size=&#187;full&#187; alignment=&#187;center&#187;][vc_empty_space height=&#187;65px&#187;][\/vc_column][\/vc_row][vc_row disable_element=&#187;yes&#187;][vc_column][vc_column_text]<b>\u041d\u0430\u0437\u0432\u0430\u043d\u0438\u0435 \u043f\u0440\u043e\u0435\u043a\u0442\u0430 : SOCAR STAR REFINERY AL\u0130A\u011eA-\u0130ZM\u0130R<\/b>[\/vc_column_text][vc_single_image image=&#187;877&#8243; img_size=&#187;full&#187; alignment=&#187;center&#187;][vc_empty_space height=&#187;65px&#187;][\/vc_column][\/vc_row][vc_row disable_element=&#187;yes&#187;][vc_column][vc_column_text]<b>\u041d\u0430\u0437\u0432\u0430\u043d\u0438\u0435 \u043f\u0440\u043e\u0435\u043a\u0442\u0430 : BASF NEW ACETYLENE PLANT ALMANYA<\/b>[\/vc_column_text][vc_single_image image=&#187;878&#8243; img_size=&#187;full&#187; alignment=&#187;center&#187;][vc_empty_space height=&#187;65px&#187;][\/vc_column][\/vc_row][vc_row disable_element=&#187;yes&#187;][vc_column][vc_column_text]<b>\u041d\u0430\u0437\u0432\u0430\u043d\u0438\u0435 \u043f\u0440\u043e\u0435\u043a\u0442\u0430: NKNH NEW EP-600 ETHYLENE COMPLEX TATAR\u0130STAN-RUSYA<\/b>[\/vc_column_text][vc_single_image image=&#187;879&#8243; img_size=&#187;full&#187; alignment=&#187;center&#187;][vc_empty_space height=&#187;65px&#187;][\/vc_column][\/vc_row]<\/p>\n<\/div>","protected":false},"excerpt":{"rendered":"<p>[vc_row][vc_column][vc_column_text] \u041e\u0411\u041d\u041e\u0412\u041b\u0415\u041d\u0418\u0415 [\/vc_column_text][\/vc_column][\/vc_row][vc_row disable_element=&#187;yes&#187;][vc_column][vc_column_text] \u041d\u0430\u0448\u0438 \u0437\u0430\u0432\u0435\u0440\u0448\u0435\u043d\u043d\u044b\u0435 \u043f\u0440\u043e\u0435\u043a\u0442\u044b [\/vc_column_text][vc_empty_space height=&#187;85px&#187;][\/vc_column][\/vc_row][vc_row disable_element=&#187;yes&#187;][vc_column][vc_column_text]\u041d\u0430\u0437\u0432\u0430\u043d\u0438\u0435 \u043f\u0440\u043e\u0435\u043a\u0442\u0430 : TAIF-NK HRCC TATARISTAN-RUSYA[\/vc_column_text][vc_single_image image=&#187;874&#8243; img_size=&#187;full&#187; alignment=&#187;center&#187;][vc_empty_space height=&#187;65px&#187;][\/vc_column][\/vc_row][vc_row disable_element=&#187;yes&#187;][vc_column][vc_column_text]\u041d\u0430\u0437\u0432\u0430\u043d\u0438\u0435 \u043f\u0440\u043e\u0435\u043a\u0442\u0430 : SOCAR STAR REFINERY AL\u0130A\u011eA-\u0130ZM\u0130R[\/vc_column_text][vc_single_image image=&#187;877&#8243; img_size=&#187;full&#187; alignment=&#187;center&#187;][vc_empty_space height=&#187;65px&#187;][\/vc_column][\/vc_row][vc_row disable_element=&#187;yes&#187;][vc_column][vc_column_text]\u041d\u0430\u0437\u0432\u0430\u043d\u0438\u0435 \u043f\u0440\u043e\u0435\u043a\u0442\u0430 : BASF NEW ACETYLENE PLANT ALMANYA[\/vc_column_text][vc_single_image image=&#187;878&#8243; img_size=&#187;full&#187;&#8230;<\/p>\n","protected":false},"author":1,"featured_media":0,"parent":0,"menu_order":0,"comment_status":"closed","ping_status":"closed","template":"","meta":{"footnotes":""},"class_list":["post-873","page","type-page","status-publish","hentry"],"_links":{"self":[{"href":"https:\/\/somtech.ru\/ru\/wp-json\/wp\/v2\/pages\/873","targetHints":{"allow":["GET"]}}],"collection":[{"href":"https:\/\/somtech.ru\/ru\/wp-json\/wp\/v2\/pages"}],"about":[{"href":"https:\/\/somtech.ru\/ru\/wp-json\/wp\/v2\/types\/page"}],"author":[{"embeddable":true,"href":"https:\/\/somtech.ru\/ru\/wp-json\/wp\/v2\/users\/1"}],"replies":[{"embeddable":true,"href":"https:\/\/somtech.ru\/ru\/wp-json\/wp\/v2\/comments?post=873"}],"version-history":[{"count":8,"href":"https:\/\/somtech.ru\/ru\/wp-json\/wp\/v2\/pages\/873\/revisions"}],"predecessor-version":[{"id":1049,"href":"https:\/\/somtech.ru\/ru\/wp-json\/wp\/v2\/pages\/873\/revisions\/1049"}],"wp:attachment":[{"href":"https:\/\/somtech.ru\/ru\/wp-json\/wp\/v2\/media?parent=873"}],"curies":[{"name":"wp","href":"https:\/\/api.w.org\/{rel}","templated":true}]}}